{"id":1964,"date":"2022-09-13T11:56:02","date_gmt":"2022-09-13T09:56:02","guid":{"rendered":"https:\/\/firsttrack.it\/?post_type=product&#038;p=1964"},"modified":"2022-09-14T17:47:17","modified_gmt":"2022-09-14T15:47:17","slug":"sonar-120","status":"publish","type":"product","link":"https:\/\/firsttrack.it\/en\/product\/sonar-120\/","title":{"rendered":"SONAR 120"},"content":{"rendered":"<p>Lo sci da neve profonda \u00e8 un totem, un talismano, \u00e8 il pi\u00f9 necessario dei capricci, una \u201cmacchina dei sogni. Ti rimane in testa tutta la stagione perch\u00e9, alla fine, quello che aspettiamo, quello che speriamo ogni volta che vediamo addensarsi qualche nube \u00e8 che domani possa essere il giorno giusto per loro, domani sia il nostro \u201cmercoled\u00ec da leoni\u201d!<\/p>\n<p>Costruzione:anima in pioppo e fibre composite per coniugare robustezza e flessibilit\u00e0; inserti in Titanal per garantire incisivit\u00e0 e resistenza; copertura antigraffio con effetto 3D<\/p>\n<p>Un progetto grafico innovativo che, grazie all\u2019esclusiva soletta sinterizzata bianca esalta l\u2019emozione di surfare la neve profonda.<\/p>\n<p><strong>Dati tecnici<\/strong><\/p>\n<table width=\"610\">\n<tbody>\n<tr>\n<td width=\"170\">Descrizione<\/td>\n<td width=\"87\">altezza [cm]<\/td>\n<td width=\"84\">top [mm]<\/td>\n<td width=\"84\">centro\u00a0 [mm]<\/td>\n<td width=\"84\">coda [mm]<\/td>\n<\/tr>\n<tr>\n<td width=\"170\">SONAR 120<\/td>\n<td width=\"87\">185<\/td>\n<td width=\"84\">145<\/td>\n<td width=\"84\">120<\/td>\n<td width=\"84\">135<\/td>\n<\/tr>\n<\/tbody>\n<\/table>","protected":false},"excerpt":{"rendered":"<p>Lo sci da neve profonda \u00e8 un totem, un talismano, \u00e8 il pi\u00f9 necessario dei capricci, una \u201cmacchina dei sogni. Ti rimane in testa tutta la stagione perch\u00e9, alla fine, quello che aspettiamo, quello che speriamo ogni volta che vediamo addensarsi qualche nube \u00e8 che domani possa essere il giorno giusto per loro, domani sia il nostro \u201cmercoled\u00ec da leoni\u201d!<\/p>","protected":false},"featured_media":1968,"template":"","meta":[],"product_brand":[],"product_cat":[64],"product_tag":[],"class_list":{"0":"post-1964","1":"product","2":"type-product","3":"status-publish","4":"has-post-thumbnail","6":"product_cat-firsttrack-sonar-120","7":"sales-flash-overlay","8":"woocommerce-text-align-center","9":"woocommerce-image-align-center","10":"do-quantity-buttons","11":"wc-has-gallery","13":"first","14":"instock","15":"featured","16":"shipping-taxable","17":"purchasable","18":"product-type-simple"},"_links":{"self":[{"href":"https:\/\/firsttrack.it\/en\/wp-json\/wp\/v2\/product\/1964","targetHints":{"allow":["GET"]}}],"collection":[{"href":"https:\/\/firsttrack.it\/en\/wp-json\/wp\/v2\/product"}],"about":[{"href":"https:\/\/firsttrack.it\/en\/wp-json\/wp\/v2\/types\/product"}],"wp:featuredmedia":[{"embeddable":true,"href":"https:\/\/firsttrack.it\/en\/wp-json\/wp\/v2\/media\/1968"}],"wp:attachment":[{"href":"https:\/\/firsttrack.it\/en\/wp-json\/wp\/v2\/media?parent=1964"}],"wp:term":[{"taxonomy":"product_brand","embeddable":true,"href":"https:\/\/firsttrack.it\/en\/wp-json\/wp\/v2\/product_brand?post=1964"},{"taxonomy":"product_cat","embeddable":true,"href":"https:\/\/firsttrack.it\/en\/wp-json\/wp\/v2\/product_cat?post=1964"},{"taxonomy":"product_tag","embeddable":true,"href":"https:\/\/firsttrack.it\/en\/wp-json\/wp\/v2\/product_tag?post=1964"}],"curies":[{"name":"wp","href":"https:\/\/api.w.org\/{rel}","templated":true}]}}