{"id":1025,"date":"2021-10-25T18:18:05","date_gmt":"2021-10-25T16:18:05","guid":{"rendered":"https:\/\/firsttrack.anteprima.onl\/?post_type=product&#038;p=1025"},"modified":"2021-11-15T15:25:31","modified_gmt":"2021-11-15T14:25:31","slug":"haute-route-100","status":"publish","type":"product","link":"https:\/\/firsttrack.it\/en\/product\/haute-route-100\/","title":{"rendered":"HAUTE ROUTE 100"},"content":{"rendered":"<p>L&#8217;obiettivo ambizioso di coniugare la sciabilit\u00e0 e il divertimento nel freeride con un peso super leggero per godersi a pieno ogni salita; Esplorare le nostre montagne con soddisfazione dal primo passo in salita all&#8217;ultima curva in discesa, cos\u00ec sono nati i nostri nuovi sci della linea Haute Route.<\/p>\n<p>Li abbiamo chiamati cos\u00ec perch\u00e8 sono fin dall&#8217;origine stati ispirati dalle grandi traversate sci alpinistiche alpine e perch\u00e9 rappresentano il punto pi\u00f9 alto del nostro sviluppo di tecnologia e concetti applicati all&#8217;esplorazione della montagna.<\/p>\n<p>Cuore in Paulonia e fibro-carbonio per una leggerezza incredibile e una reattivit\u00e0 da riferimento assoluto per chi cerca attrezzi leggeri, versatili e divertenti nel tuoring e nel freeride.<\/p>\n<p>Una grafica mozzafiato ispirata alle grandi traversate alpine, ma anche alle &#8220;good vibes&#8221; che sono la colonna sonora delle nostre migliori giornate sulla neve.<\/p>\n<p><strong>Dati tecnici<\/strong><\/p>\n<table width=\"610\">\n<tbody>\n<tr>\n<td width=\"170\">Descrizione<\/td>\n<td width=\"87\">altezza [cm]<\/td>\n<td width=\"84\">top [mm]<\/td>\n<td width=\"84\">centro\u00a0 [mm]<\/td>\n<td width=\"84\">coda [mm]<\/td>\n<td width=\"101\">peso x asta [gr]<\/td>\n<\/tr>\n<tr>\n<td width=\"170\">HAUTE ROUTE 100 &#8211; 167<\/td>\n<td width=\"87\">167<\/td>\n<td width=\"84\">135<\/td>\n<td width=\"84\">100<\/td>\n<td width=\"84\">122<\/td>\n<td width=\"101\">1150<\/td>\n<\/tr>\n<tr>\n<td width=\"170\">HAUTE ROUTE 100 &#8211; 178<\/td>\n<td width=\"87\">178<\/td>\n<td width=\"84\">135<\/td>\n<td width=\"84\">100<\/td>\n<td width=\"84\">122<\/td>\n<td width=\"101\">1250<\/td>\n<\/tr>\n<tr>\n<td width=\"170\">HAUTE ROUTE 100 &#8211; 188<\/td>\n<td width=\"87\">188<\/td>\n<td width=\"84\">135<\/td>\n<td width=\"84\">100<\/td>\n<td width=\"84\">122<\/td>\n<td width=\"101\">1350<\/td>\n<\/tr>\n<\/tbody>\n<\/table>","protected":false},"excerpt":{"rendered":"<p>Una geometria freeride adatta a tutte le condizioni di neve; nasce come attrezzo Allmauntain universale, con in pi\u00f9 la nuova tecnologia del sandwich in fibrocarbonio e Pawlonia per una leggerezza mai vista. Ideale non solo per discese mozzafiato, ma anche per salite\u201din tutto relax\u201d<\/p>","protected":false},"featured_media":1364,"template":"","meta":[],"product_brand":[],"product_cat":[52],"product_tag":[],"class_list":{"0":"post-1025","1":"product","2":"type-product","3":"status-publish","4":"has-post-thumbnail","6":"product_cat-firsttrack-hauteroute","7":"sales-flash-overlay","8":"woocommerce-text-align-center","9":"woocommerce-image-align-center","10":"do-quantity-buttons","11":"wc-has-gallery","13":"first","14":"instock","15":"featured","16":"shipping-taxable","17":"purchasable","18":"product-type-variable"},"_links":{"self":[{"href":"https:\/\/firsttrack.it\/en\/wp-json\/wp\/v2\/product\/1025","targetHints":{"allow":["GET"]}}],"collection":[{"href":"https:\/\/firsttrack.it\/en\/wp-json\/wp\/v2\/product"}],"about":[{"href":"https:\/\/firsttrack.it\/en\/wp-json\/wp\/v2\/types\/product"}],"wp:featuredmedia":[{"embeddable":true,"href":"https:\/\/firsttrack.it\/en\/wp-json\/wp\/v2\/media\/1364"}],"wp:attachment":[{"href":"https:\/\/firsttrack.it\/en\/wp-json\/wp\/v2\/media?parent=1025"}],"wp:term":[{"taxonomy":"product_brand","embeddable":true,"href":"https:\/\/firsttrack.it\/en\/wp-json\/wp\/v2\/product_brand?post=1025"},{"taxonomy":"product_cat","embeddable":true,"href":"https:\/\/firsttrack.it\/en\/wp-json\/wp\/v2\/product_cat?post=1025"},{"taxonomy":"product_tag","embeddable":true,"href":"https:\/\/firsttrack.it\/en\/wp-json\/wp\/v2\/product_tag?post=1025"}],"curies":[{"name":"wp","href":"https:\/\/api.w.org\/{rel}","templated":true}]}}