{"id":1015,"date":"2021-10-25T18:03:51","date_gmt":"2021-10-25T16:03:51","guid":{"rendered":"https:\/\/firsttrack.anteprima.onl\/?post_type=product&#038;p=1015"},"modified":"2021-11-15T15:03:25","modified_gmt":"2021-11-15T14:03:25","slug":"haute-route-88","status":"publish","type":"product","link":"https:\/\/firsttrack.it\/en\/product\/haute-route-88\/","title":{"rendered":"HAUTE ROUTE 88"},"content":{"rendered":"<p>L&#8217;obiettivo ambizioso di coniugare la sciabilit\u00e0 e il divertimento nel freeride con un peso super leggero per godersi a pieno ogni salita; Esplorare le nostre montagne con soddisfazione dal primo passo in salita all&#8217;ultima curva in discesa, cos\u00ec sono nati i nostri nuovi sci della linea Haute Route.<\/p>\n<p>Li abbiamo chiamati cos\u00ec perch\u00e8 sono fin dall&#8217;origine stati ispirati dalle grandi traversate sci alpinistiche alpine e perch\u00e9 rappresentano il punto pi\u00f9 alto del nostro sviluppo di tecnologia e concetti applicati all&#8217;esplorazione della montagna.<\/p>\n<p>Cuore in Paulonia e fibro-carbonio per una leggerezza incredibile e una reattivit\u00e0 da riferimento assoluto per chi cerca attrezzi leggeri, versatili e divertenti nel tuoring e nel freeride.<\/p>\n<p>Una grafica mozzafiato ispirata alle grandi traversate alpine, ma anche alle &#8220;good vibes&#8221; che sono la colonna sonora delle nostre migliori giornate sulla neve<\/p>\n<p><strong>Dati tecnici:<\/strong><\/p>\n<table width=\"571\">\n<tbody>\n<tr>\n<td width=\"161\">Descrizione<\/td>\n<td width=\"87\">altezza [cm]<\/td>\n<td width=\"76\">top\u00a0 [mm]<\/td>\n<td width=\"76\">centro [mm]<\/td>\n<td width=\"76\">coda [mm]<\/td>\n<td width=\"95\">peso x asta [gr]<\/td>\n<\/tr>\n<tr>\n<td width=\"161\">HAUTE ROUTE 88 &#8211; 154<\/td>\n<td width=\"87\">154<\/td>\n<td width=\"76\">123<\/td>\n<td width=\"76\">88<\/td>\n<td width=\"76\">110<\/td>\n<td width=\"95\">1050<\/td>\n<\/tr>\n<tr>\n<td width=\"161\">HAUTE ROUTE 88 &#8211; 161<\/td>\n<td width=\"87\">161<\/td>\n<td width=\"76\">123<\/td>\n<td width=\"76\">88<\/td>\n<td width=\"76\">110<\/td>\n<td width=\"95\">1120<\/td>\n<\/tr>\n<tr>\n<td width=\"161\">HAUTE ROUTE 88 &#8211; 167<\/td>\n<td width=\"87\">167<\/td>\n<td width=\"76\">123<\/td>\n<td width=\"76\">88<\/td>\n<td width=\"76\">110<\/td>\n<td width=\"95\">1209<\/td>\n<\/tr>\n<tr>\n<td width=\"161\">HAUTE ROUTE 88 &#8211; 174<\/td>\n<td width=\"87\">174<\/td>\n<td width=\"76\">123<\/td>\n<td width=\"76\">88<\/td>\n<td width=\"76\">110<\/td>\n<td width=\"95\">1276<\/td>\n<\/tr>\n<tr>\n<td width=\"161\">HAUTE ROUTE 88 &#8211; 181<\/td>\n<td width=\"87\">181<\/td>\n<td width=\"76\">123<\/td>\n<td width=\"76\">88<\/td>\n<td width=\"76\">110<\/td>\n<td width=\"95\">1341<\/td>\n<\/tr>\n<\/tbody>\n<\/table>","protected":false},"excerpt":{"rendered":"<p>Pensato per essere il mix perfetto tra facilit\u00e0 di salita, per lo skialp e il Touring, e il divertimento in discesa, grazie alla struttura in fibrocarbonio e pawlonia, combinata in un geometria reattiva che sa regalare grande manovrabilit\u00e0 e versatilit\u00e0 d\u2019uso.<\/p>","protected":false},"featured_media":1351,"template":"","meta":[],"product_brand":[],"product_cat":[52],"product_tag":[],"class_list":{"0":"post-1015","1":"product","2":"type-product","3":"status-publish","4":"has-post-thumbnail","6":"product_cat-firsttrack-hauteroute","7":"sales-flash-overlay","8":"woocommerce-text-align-center","9":"woocommerce-image-align-center","10":"do-quantity-buttons","11":"wc-has-gallery","13":"first","14":"instock","15":"featured","16":"shipping-taxable","17":"purchasable","18":"product-type-variable"},"_links":{"self":[{"href":"https:\/\/firsttrack.it\/en\/wp-json\/wp\/v2\/product\/1015","targetHints":{"allow":["GET"]}}],"collection":[{"href":"https:\/\/firsttrack.it\/en\/wp-json\/wp\/v2\/product"}],"about":[{"href":"https:\/\/firsttrack.it\/en\/wp-json\/wp\/v2\/types\/product"}],"wp:featuredmedia":[{"embeddable":true,"href":"https:\/\/firsttrack.it\/en\/wp-json\/wp\/v2\/media\/1351"}],"wp:attachment":[{"href":"https:\/\/firsttrack.it\/en\/wp-json\/wp\/v2\/media?parent=1015"}],"wp:term":[{"taxonomy":"product_brand","embeddable":true,"href":"https:\/\/firsttrack.it\/en\/wp-json\/wp\/v2\/product_brand?post=1015"},{"taxonomy":"product_cat","embeddable":true,"href":"https:\/\/firsttrack.it\/en\/wp-json\/wp\/v2\/product_cat?post=1015"},{"taxonomy":"product_tag","embeddable":true,"href":"https:\/\/firsttrack.it\/en\/wp-json\/wp\/v2\/product_tag?post=1015"}],"curies":[{"name":"wp","href":"https:\/\/api.w.org\/{rel}","templated":true}]}}