{"id":2028,"date":"2022-09-13T14:54:17","date_gmt":"2022-09-13T12:54:17","guid":{"rendered":"https:\/\/firsttrack.it\/?page_id=2028"},"modified":"2022-09-21T10:15:04","modified_gmt":"2022-09-21T08:15:04","slug":"sci-serie-sonar-120","status":"publish","type":"page","link":"https:\/\/firsttrack.it\/en\/products\/sci-serie-sonar-120\/","title":{"rendered":"SCI SERIE SONAR 120"},"content":{"rendered":"<div data-elementor-type=\"wp-page\" data-elementor-id=\"2028\" class=\"elementor elementor-2028\" data-elementor-post-type=\"page\">\n\t\t\t\t\t\t<section class=\"elementor-section elementor-top-section elementor-element elementor-element-56e268f elementor-section-content-middle elementor-section-boxed elementor-section-height-default elementor-section-height-default\" data-id=\"56e268f\" data-element_type=\"section\">\n\t\t\t\t\t\t<div class=\"elementor-container elementor-column-gap-no\">\n\t\t\t\t\t<div class=\"elementor-column elementor-col-100 elementor-top-column elementor-element elementor-element-70ff360f\" data-id=\"70ff360f\" data-element_type=\"column\">\n\t\t\t<div class=\"elementor-widget-wrap elementor-element-populated\">\n\t\t\t\t\t\t<div class=\"elementor-element elementor-element-7b13d27 elementor-widget elementor-widget-image\" data-id=\"7b13d27\" data-element_type=\"widget\" data-widget_type=\"image.default\">\n\t\t\t\t<div class=\"elementor-widget-container\">\n\t\t\t\t\t\t\t\t\t\t\t\t\t\t\t<img decoding=\"async\" width=\"330\" height=\"90\" src=\"https:\/\/firsttrack.it\/wp-content\/uploads\/2021\/09\/sticky-logo-firsttrack.png\" class=\"attachment-large size-large wp-image-703\" alt=\"\" srcset=\"https:\/\/firsttrack.it\/wp-content\/uploads\/2021\/09\/sticky-logo-firsttrack.png 330w, https:\/\/firsttrack.it\/wp-content\/uploads\/2021\/09\/sticky-logo-firsttrack-300x82.png 300w\" sizes=\"(max-width: 330px) 100vw, 330px\" \/>\t\t\t\t\t\t\t\t\t\t\t\t\t\t\t<\/div>\n\t\t\t\t<\/div>\n\t\t\t\t<div class=\"elementor-element elementor-element-f967cc8 folksolid elementor-widget elementor-widget-heading\" data-id=\"f967cc8\" data-element_type=\"widget\" data-widget_type=\"heading.default\">\n\t\t\t\t<div class=\"elementor-widget-container\">\n\t\t\t\t\t<h2 class=\"elementor-heading-title elementor-size-default\">SCI SERIE SONAR 120<\/h2>\t\t\t\t<\/div>\n\t\t\t\t<\/div>\n\t\t\t\t\t<\/div>\n\t\t<\/div>\n\t\t\t\t\t<\/div>\n\t\t<\/section>\n\t\t\t\t<section class=\"elementor-section elementor-top-section elementor-element elementor-element-899e7b8 elementor-section-content-middle elementor-section-boxed elementor-section-height-default elementor-section-height-default\" data-id=\"899e7b8\" data-element_type=\"section\">\n\t\t\t\t\t\t<div class=\"elementor-container elementor-column-gap-no\">\n\t\t\t\t\t<div class=\"elementor-column elementor-col-50 elementor-top-column elementor-element elementor-element-cfe79d1\" data-id=\"cfe79d1\" data-element_type=\"column\">\n\t\t\t<div class=\"elementor-widget-wrap elementor-element-populated\">\n\t\t\t\t\t\t<div class=\"elementor-element elementor-element-0d69d80 folksolid elementor-widget elementor-widget-heading\" data-id=\"0d69d80\" data-element_type=\"widget\" data-widget_type=\"heading.default\">\n\t\t\t\t<div class=\"elementor-widget-container\">\n\t\t\t\t\t<h2 class=\"elementor-heading-title elementor-size-default\">SONAR 120: <br>HOW DEEP IS YOUR LOVE?<\/h2>\t\t\t\t<\/div>\n\t\t\t\t<\/div>\n\t\t\t\t<div class=\"elementor-element elementor-element-1bf852e elementor-widget elementor-widget-text-editor\" data-id=\"1bf852e\" data-element_type=\"widget\" data-widget_type=\"text-editor.default\">\n\t\t\t\t<div class=\"elementor-widget-container\">\n\t\t\t\t\t\t\t\t\t<p>Lo sci da neve profonda \u00e8 un totem, un talismano, \u00e8 il pi\u00f9 necessario dei capricci, una \u201cmacchina dei sogni&#8221;. Ti rimane in testa tutta la stagione perch\u00e9 quello che speriamo ogni volta che vediamo addensarsi qualche nube \u00e8 che domani possa essere il giorno giusto per loro, che domani sia il nostro \u201cmercoled\u00ec da leoni\u201d!\u00a0<\/p><p>Costruzione: anima in pioppo e fibre composite per coniugare robustezza e flessibilit\u00e0; inserti in Titanal per garantire incisivit\u00e0 e resistenza; copertura antigraffio con effetto 3D.<\/p>\t\t\t\t\t\t\t\t<\/div>\n\t\t\t\t<\/div>\n\t\t\t\t\t<\/div>\n\t\t<\/div>\n\t\t\t\t<div class=\"elementor-column elementor-col-50 elementor-top-column elementor-element elementor-element-6e4e6b8\" data-id=\"6e4e6b8\" data-element_type=\"column\" data-settings=\"{&quot;background_background&quot;:&quot;classic&quot;}\">\n\t\t\t<div class=\"elementor-widget-wrap elementor-element-populated\">\n\t\t\t\t\t\t<div class=\"elementor-element elementor-element-c11ea1b elementor-widget elementor-widget-spacer\" data-id=\"c11ea1b\" data-element_type=\"widget\" data-widget_type=\"spacer.default\">\n\t\t\t\t<div class=\"elementor-widget-container\">\n\t\t\t\t\t\t\t<div class=\"elementor-spacer\">\n\t\t\t<div class=\"elementor-spacer-inner\"><\/div>\n\t\t<\/div>\n\t\t\t\t\t\t<\/div>\n\t\t\t\t<\/div>\n\t\t\t\t\t<\/div>\n\t\t<\/div>\n\t\t\t\t\t<\/div>\n\t\t<\/section>\n\t\t\t\t<section class=\"elementor-section elementor-top-section elementor-element elementor-element-02642dc elementor-section-content-middle elementor-section-boxed elementor-section-height-default elementor-section-height-default\" data-id=\"02642dc\" data-element_type=\"section\">\n\t\t\t\t\t\t<div class=\"elementor-container elementor-column-gap-no\">\n\t\t\t\t\t<div class=\"elementor-column elementor-col-50 elementor-top-column elementor-element elementor-element-8ac8864\" data-id=\"8ac8864\" data-element_type=\"column\">\n\t\t\t<div class=\"elementor-widget-wrap elementor-element-populated\">\n\t\t\t\t\t\t<div class=\"elementor-element elementor-element-3b273b7 elementor-widget elementor-widget-image\" data-id=\"3b273b7\" data-element_type=\"widget\" data-widget_type=\"image.default\">\n\t\t\t\t<div class=\"elementor-widget-container\">\n\t\t\t\t\t\t\t\t\t\t\t\t\t\t\t<img fetchpriority=\"high\" decoding=\"async\" width=\"900\" height=\"169\" src=\"https:\/\/firsttrack.it\/wp-content\/uploads\/2022\/09\/sonar120-orrizzontale.png\" class=\"attachment-large size-large wp-image-2045\" alt=\"\" srcset=\"https:\/\/firsttrack.it\/wp-content\/uploads\/2022\/09\/sonar120-orrizzontale.png 900w, https:\/\/firsttrack.it\/wp-content\/uploads\/2022\/09\/sonar120-orrizzontale-300x56.png 300w, https:\/\/firsttrack.it\/wp-content\/uploads\/2022\/09\/sonar120-orrizzontale-768x144.png 768w, https:\/\/firsttrack.it\/wp-content\/uploads\/2022\/09\/sonar120-orrizzontale-18x3.png 18w, https:\/\/firsttrack.it\/wp-content\/uploads\/2022\/09\/sonar120-orrizzontale-600x113.png 600w\" sizes=\"(max-width: 900px) 100vw, 900px\" \/>\t\t\t\t\t\t\t\t\t\t\t\t\t\t\t<\/div>\n\t\t\t\t<\/div>\n\t\t\t\t\t<\/div>\n\t\t<\/div>\n\t\t\t\t<div class=\"elementor-column elementor-col-50 elementor-top-column elementor-element elementor-element-e781c03\" data-id=\"e781c03\" data-element_type=\"column\" data-settings=\"{&quot;background_background&quot;:&quot;classic&quot;}\">\n\t\t\t<div class=\"elementor-widget-wrap elementor-element-populated\">\n\t\t\t\t\t\t<div class=\"elementor-element elementor-element-d4c204b folksolid elementor-widget elementor-widget-heading\" data-id=\"d4c204b\" data-element_type=\"widget\" data-widget_type=\"heading.default\">\n\t\t\t\t<div class=\"elementor-widget-container\">\n\t\t\t\t\t<h2 class=\"elementor-heading-title elementor-size-default\">SONAR 120<\/h2>\t\t\t\t<\/div>\n\t\t\t\t<\/div>\n\t\t\t\t<div class=\"elementor-element elementor-element-2930ace elementor-widget elementor-widget-text-editor\" data-id=\"2930ace\" data-element_type=\"widget\" data-widget_type=\"text-editor.default\">\n\t\t\t\t<div class=\"elementor-widget-container\">\n\t\t\t\t\t\t\t\t\tUn progetto grafico innovativo che, grazie all\u2019esclusiva soletta sinterizzata bianca esalta l\u2019emozione di surfare la neve profonda.\t\t\t\t\t\t\t\t<\/div>\n\t\t\t\t<\/div>\n\t\t\t\t<div class=\"elementor-element elementor-element-a890703 folksolid elementor-mobile-align-justify elementor-widget elementor-widget-button\" data-id=\"a890703\" data-element_type=\"widget\" data-widget_type=\"button.default\">\n\t\t\t\t<div class=\"elementor-widget-container\">\n\t\t\t\t\t\t\t\t\t<div class=\"elementor-button-wrapper\">\n\t\t\t\t\t<a class=\"elementor-button elementor-button-link elementor-size-sm\" href=\"\/en\/product\/sonar-120\/\">\n\t\t\t\t\t\t<span class=\"elementor-button-content-wrapper\">\n\t\t\t\t\t\t\t\t\t<span class=\"elementor-button-text\">SCOPRI IL TUO SONAR 120<\/span>\n\t\t\t\t\t<\/span>\n\t\t\t\t\t<\/a>\n\t\t\t\t<\/div>\n\t\t\t\t\t\t\t\t<\/div>\n\t\t\t\t<\/div>\n\t\t\t\t\t<\/div>\n\t\t<\/div>\n\t\t\t\t\t<\/div>\n\t\t<\/section>\n\t\t\t\t<\/div>","protected":false},"excerpt":{"rendered":"<p>SCI SERIE SONAR 120 SONAR 120: HOW DEEP IS YOUR LOVE? Lo sci da neve profonda \u00e8 un totem, un talismano, \u00e8 il pi\u00f9 necessario dei capricci, una \u201cmacchina dei sogni&#8221;. Ti rimane in testa tutta la stagione perch\u00e9 quello che speriamo ogni volta che vediamo addensarsi qualche nube \u00e8 che domani possa essere il &#8230; <a title=\"SCI SERIE SONAR 120\" class=\"read-more\" href=\"https:\/\/firsttrack.it\/en\/products\/sci-serie-sonar-120\/\" aria-label=\"Read more about SCI SERIE SONAR 120\">Read more<\/a><\/p>","protected":false},"author":1,"featured_media":0,"parent":1037,"menu_order":0,"comment_status":"closed","ping_status":"closed","template":"","meta":{"footnotes":""},"class_list":["post-2028","page","type-page","status-publish"],"_links":{"self":[{"href":"https:\/\/firsttrack.it\/en\/wp-json\/wp\/v2\/pages\/2028","targetHints":{"allow":["GET"]}}],"collection":[{"href":"https:\/\/firsttrack.it\/en\/wp-json\/wp\/v2\/pages"}],"about":[{"href":"https:\/\/firsttrack.it\/en\/wp-json\/wp\/v2\/types\/page"}],"author":[{"embeddable":true,"href":"https:\/\/firsttrack.it\/en\/wp-json\/wp\/v2\/users\/1"}],"replies":[{"embeddable":true,"href":"https:\/\/firsttrack.it\/en\/wp-json\/wp\/v2\/comments?post=2028"}],"version-history":[{"count":49,"href":"https:\/\/firsttrack.it\/en\/wp-json\/wp\/v2\/pages\/2028\/revisions"}],"predecessor-version":[{"id":2732,"href":"https:\/\/firsttrack.it\/en\/wp-json\/wp\/v2\/pages\/2028\/revisions\/2732"}],"up":[{"embeddable":true,"href":"https:\/\/firsttrack.it\/en\/wp-json\/wp\/v2\/pages\/1037"}],"wp:attachment":[{"href":"https:\/\/firsttrack.it\/en\/wp-json\/wp\/v2\/media?parent=2028"}],"curies":[{"name":"wp","href":"https:\/\/api.w.org\/{rel}","templated":true}]}}