{"id":1062,"date":"2021-11-02T11:17:12","date_gmt":"2021-11-02T10:17:12","guid":{"rendered":"https:\/\/firsttrack.anteprima.onl\/?page_id=1062"},"modified":"2021-11-25T14:20:45","modified_gmt":"2021-11-25T13:20:45","slug":"sci-serie-haute-route","status":"publish","type":"page","link":"https:\/\/firsttrack.it\/en\/products\/sci-serie-haute-route\/","title":{"rendered":"SCI SERIE HAUTE ROUTE"},"content":{"rendered":"<div data-elementor-type=\"wp-page\" data-elementor-id=\"1062\" class=\"elementor elementor-1062\" data-elementor-post-type=\"page\">\n\t\t\t\t\t\t<section class=\"elementor-section elementor-top-section elementor-element elementor-element-56e268f elementor-section-content-middle elementor-section-boxed elementor-section-height-default elementor-section-height-default\" data-id=\"56e268f\" data-element_type=\"section\">\n\t\t\t\t\t\t<div class=\"elementor-container elementor-column-gap-no\">\n\t\t\t\t\t<div class=\"elementor-column elementor-col-100 elementor-top-column elementor-element elementor-element-70ff360f\" data-id=\"70ff360f\" data-element_type=\"column\">\n\t\t\t<div class=\"elementor-widget-wrap elementor-element-populated\">\n\t\t\t\t\t\t<div class=\"elementor-element elementor-element-7b13d27 elementor-widget elementor-widget-image\" data-id=\"7b13d27\" data-element_type=\"widget\" data-widget_type=\"image.default\">\n\t\t\t\t<div class=\"elementor-widget-container\">\n\t\t\t\t\t\t\t\t\t\t\t\t\t\t\t<img decoding=\"async\" width=\"330\" height=\"90\" src=\"https:\/\/firsttrack.it\/wp-content\/uploads\/2021\/09\/sticky-logo-firsttrack.png\" class=\"attachment-large size-large wp-image-703\" alt=\"\" srcset=\"https:\/\/firsttrack.it\/wp-content\/uploads\/2021\/09\/sticky-logo-firsttrack.png 330w, https:\/\/firsttrack.it\/wp-content\/uploads\/2021\/09\/sticky-logo-firsttrack-300x82.png 300w\" sizes=\"(max-width: 330px) 100vw, 330px\" \/>\t\t\t\t\t\t\t\t\t\t\t\t\t\t\t<\/div>\n\t\t\t\t<\/div>\n\t\t\t\t<div class=\"elementor-element elementor-element-f967cc8 folksolid elementor-widget elementor-widget-heading\" data-id=\"f967cc8\" data-element_type=\"widget\" data-widget_type=\"heading.default\">\n\t\t\t\t<div class=\"elementor-widget-container\">\n\t\t\t\t\t<h2 class=\"elementor-heading-title elementor-size-default\">SCI SERIE HAUTE ROUTE<\/h2>\t\t\t\t<\/div>\n\t\t\t\t<\/div>\n\t\t\t\t\t<\/div>\n\t\t<\/div>\n\t\t\t\t\t<\/div>\n\t\t<\/section>\n\t\t\t\t<section class=\"elementor-section elementor-top-section elementor-element elementor-element-899e7b8 elementor-section-content-middle elementor-section-boxed elementor-section-height-default elementor-section-height-default\" data-id=\"899e7b8\" data-element_type=\"section\">\n\t\t\t\t\t\t<div class=\"elementor-container elementor-column-gap-no\">\n\t\t\t\t\t<div class=\"elementor-column elementor-col-50 elementor-top-column elementor-element elementor-element-cfe79d1\" data-id=\"cfe79d1\" data-element_type=\"column\">\n\t\t\t<div class=\"elementor-widget-wrap elementor-element-populated\">\n\t\t\t\t\t\t<div class=\"elementor-element elementor-element-0d69d80 folksolid elementor-widget elementor-widget-heading\" data-id=\"0d69d80\" data-element_type=\"widget\" data-widget_type=\"heading.default\">\n\t\t\t\t<div class=\"elementor-widget-container\">\n\t\t\t\t\t<h2 class=\"elementor-heading-title elementor-size-default\">HAUTE ROUTE: NEW LIGHT TOURING FREERIDE<\/h2>\t\t\t\t<\/div>\n\t\t\t\t<\/div>\n\t\t\t\t<div class=\"elementor-element elementor-element-1bf852e elementor-widget elementor-widget-text-editor\" data-id=\"1bf852e\" data-element_type=\"widget\" data-widget_type=\"text-editor.default\">\n\t\t\t\t<div class=\"elementor-widget-container\">\n\t\t\t\t\t\t\t\t\t<p>L&#8217;obiettivo ambizioso di\u00a0 coniugare la sciabilit\u00e0 e il divertimento nel freeride con un peso super leggero per godersi a pieno ogni salita; Esplorare le nostre montagne con soddisfazione dal primo passo in salita all&#8217;ultima curva in discesa, cos\u00ec sono nati i nostri nuovi sci della linea Haute Route.<br \/>Li abbiamo chiamati cos\u00ec perch\u00e8 sono fin dall&#8217;orignine stati ispirati dalle grandi traversate sci alpinistiche alpine e perch\u00e8 rappresentano il punto pi\u00f9 alto del nostro sviluppo di tecnologia e concetti applicati all&#8217;esplorazione della montagna; sempre con una attenzione particolare a curve e serpentine perfette , perch\u00e8 questo \u00e8 il premio che ci meritiamo per le nostre fatiche.<\/p><p>Cuore in Paulonia e fibro carbonio per una leggerezza incredibile e una reattivit\u00e0 da riferimento assoluto per chi cerca attrezzi leggeri, versatili e divertenti nel tuoring e nel freeride.<\/p><p>Una grafica mozzafiato ispirata alle grandi traversate alpine, ma anche alle &#8220;good vibes&#8221; che sono la colonna sonora delle nostre migliori giornate sulla neve<\/p>\t\t\t\t\t\t\t\t<\/div>\n\t\t\t\t<\/div>\n\t\t\t\t\t<\/div>\n\t\t<\/div>\n\t\t\t\t<div class=\"elementor-column elementor-col-50 elementor-top-column elementor-element elementor-element-6e4e6b8\" data-id=\"6e4e6b8\" data-element_type=\"column\" data-settings=\"{&quot;background_background&quot;:&quot;classic&quot;}\">\n\t\t\t<div class=\"elementor-widget-wrap elementor-element-populated\">\n\t\t\t\t\t\t<div class=\"elementor-element elementor-element-c11ea1b elementor-widget elementor-widget-spacer\" data-id=\"c11ea1b\" data-element_type=\"widget\" data-widget_type=\"spacer.default\">\n\t\t\t\t<div class=\"elementor-widget-container\">\n\t\t\t\t\t\t\t<div class=\"elementor-spacer\">\n\t\t\t<div class=\"elementor-spacer-inner\"><\/div>\n\t\t<\/div>\n\t\t\t\t\t\t<\/div>\n\t\t\t\t<\/div>\n\t\t\t\t\t<\/div>\n\t\t<\/div>\n\t\t\t\t\t<\/div>\n\t\t<\/section>\n\t\t\t\t<section class=\"elementor-section elementor-top-section elementor-element elementor-element-02642dc elementor-section-content-middle elementor-section-boxed elementor-section-height-default elementor-section-height-default\" data-id=\"02642dc\" data-element_type=\"section\">\n\t\t\t\t\t\t<div class=\"elementor-container elementor-column-gap-no\">\n\t\t\t\t\t<div class=\"elementor-column elementor-col-50 elementor-top-column elementor-element elementor-element-8ac8864\" data-id=\"8ac8864\" data-element_type=\"column\">\n\t\t\t<div class=\"elementor-widget-wrap elementor-element-populated\">\n\t\t\t\t\t\t<div class=\"elementor-element elementor-element-3b273b7 elementor-widget elementor-widget-image\" data-id=\"3b273b7\" data-element_type=\"widget\" data-widget_type=\"image.default\">\n\t\t\t\t<div class=\"elementor-widget-container\">\n\t\t\t\t\t\t\t\t\t\t\t\t\t\t\t<img fetchpriority=\"high\" decoding=\"async\" width=\"900\" height=\"169\" src=\"https:\/\/firsttrack.it\/wp-content\/uploads\/2021\/11\/hr88.png\" class=\"attachment-large size-large wp-image-1251\" alt=\"\" srcset=\"https:\/\/firsttrack.it\/wp-content\/uploads\/2021\/11\/hr88.png 900w, https:\/\/firsttrack.it\/wp-content\/uploads\/2021\/11\/hr88-300x56.png 300w, https:\/\/firsttrack.it\/wp-content\/uploads\/2021\/11\/hr88-768x144.png 768w, https:\/\/firsttrack.it\/wp-content\/uploads\/2021\/11\/hr88-600x113.png 600w\" sizes=\"(max-width: 900px) 100vw, 900px\" \/>\t\t\t\t\t\t\t\t\t\t\t\t\t\t\t<\/div>\n\t\t\t\t<\/div>\n\t\t\t\t\t<\/div>\n\t\t<\/div>\n\t\t\t\t<div class=\"elementor-column elementor-col-50 elementor-top-column elementor-element elementor-element-e781c03\" data-id=\"e781c03\" data-element_type=\"column\" data-settings=\"{&quot;background_background&quot;:&quot;classic&quot;}\">\n\t\t\t<div class=\"elementor-widget-wrap elementor-element-populated\">\n\t\t\t\t\t\t<div class=\"elementor-element elementor-element-d4c204b folksolid elementor-widget elementor-widget-heading\" data-id=\"d4c204b\" data-element_type=\"widget\" data-widget_type=\"heading.default\">\n\t\t\t\t<div class=\"elementor-widget-container\">\n\t\t\t\t\t<h2 class=\"elementor-heading-title elementor-size-default\">HAUTE ROUTE 88<\/h2>\t\t\t\t<\/div>\n\t\t\t\t<\/div>\n\t\t\t\t<div class=\"elementor-element elementor-element-2930ace elementor-widget elementor-widget-text-editor\" data-id=\"2930ace\" data-element_type=\"widget\" data-widget_type=\"text-editor.default\">\n\t\t\t\t<div class=\"elementor-widget-container\">\n\t\t\t\t\t\t\t\t\t<p>Pensato per essere il mix perfetto tra facilit\u00e0 di salita, per lo skialp e il Touring, e il divertimento in discesa, grazie alla struttura in fibrocarbonio e pawlonia, combinata in un geometria reattiva che sa regalare grande manovrabilit\u00e0 e versatilit\u00e0 d\u2019uso<\/p>\t\t\t\t\t\t\t\t<\/div>\n\t\t\t\t<\/div>\n\t\t\t\t<div class=\"elementor-element elementor-element-a890703 folksolid elementor-mobile-align-justify elementor-widget elementor-widget-button\" data-id=\"a890703\" data-element_type=\"widget\" data-widget_type=\"button.default\">\n\t\t\t\t<div class=\"elementor-widget-container\">\n\t\t\t\t\t\t\t\t\t<div class=\"elementor-button-wrapper\">\n\t\t\t\t\t<a class=\"elementor-button elementor-button-link elementor-size-sm\" href=\"\/en\/product\/haute-route-88\/\">\n\t\t\t\t\t\t<span class=\"elementor-button-content-wrapper\">\n\t\t\t\t\t\t\t\t\t<span class=\"elementor-button-text\">SCOPRI IL TUO HAUTE ROUTE<\/span>\n\t\t\t\t\t<\/span>\n\t\t\t\t\t<\/a>\n\t\t\t\t<\/div>\n\t\t\t\t\t\t\t\t<\/div>\n\t\t\t\t<\/div>\n\t\t\t\t\t<\/div>\n\t\t<\/div>\n\t\t\t\t\t<\/div>\n\t\t<\/section>\n\t\t\t\t<section class=\"elementor-section elementor-top-section elementor-element elementor-element-7c16ebb elementor-section-content-middle elementor-section-boxed elementor-section-height-default elementor-section-height-default\" data-id=\"7c16ebb\" data-element_type=\"section\">\n\t\t\t\t\t\t<div class=\"elementor-container elementor-column-gap-no\">\n\t\t\t\t\t<div class=\"elementor-column elementor-col-50 elementor-top-column elementor-element elementor-element-90d73b4\" data-id=\"90d73b4\" data-element_type=\"column\">\n\t\t\t<div class=\"elementor-widget-wrap elementor-element-populated\">\n\t\t\t\t\t\t<div class=\"elementor-element elementor-element-ec90f5e elementor-widget elementor-widget-image\" data-id=\"ec90f5e\" data-element_type=\"widget\" data-widget_type=\"image.default\">\n\t\t\t\t<div class=\"elementor-widget-container\">\n\t\t\t\t\t\t\t\t\t\t\t\t\t\t\t<img decoding=\"async\" width=\"900\" height=\"165\" src=\"https:\/\/firsttrack.it\/wp-content\/uploads\/2021\/11\/hr100.png\" class=\"attachment-large size-large wp-image-1250\" alt=\"\" srcset=\"https:\/\/firsttrack.it\/wp-content\/uploads\/2021\/11\/hr100.png 900w, https:\/\/firsttrack.it\/wp-content\/uploads\/2021\/11\/hr100-300x55.png 300w, https:\/\/firsttrack.it\/wp-content\/uploads\/2021\/11\/hr100-768x141.png 768w, https:\/\/firsttrack.it\/wp-content\/uploads\/2021\/11\/hr100-600x110.png 600w\" sizes=\"(max-width: 900px) 100vw, 900px\" \/>\t\t\t\t\t\t\t\t\t\t\t\t\t\t\t<\/div>\n\t\t\t\t<\/div>\n\t\t\t\t\t<\/div>\n\t\t<\/div>\n\t\t\t\t<div class=\"elementor-column elementor-col-50 elementor-top-column elementor-element elementor-element-335b05b\" data-id=\"335b05b\" data-element_type=\"column\" data-settings=\"{&quot;background_background&quot;:&quot;classic&quot;}\">\n\t\t\t<div class=\"elementor-widget-wrap elementor-element-populated\">\n\t\t\t\t\t\t<div class=\"elementor-element elementor-element-e8d73e9 folksolid elementor-widget elementor-widget-heading\" data-id=\"e8d73e9\" data-element_type=\"widget\" data-widget_type=\"heading.default\">\n\t\t\t\t<div class=\"elementor-widget-container\">\n\t\t\t\t\t<h2 class=\"elementor-heading-title elementor-size-default\">HAUTE ROUTE 100<\/h2>\t\t\t\t<\/div>\n\t\t\t\t<\/div>\n\t\t\t\t<div class=\"elementor-element elementor-element-bc5ab6c elementor-widget elementor-widget-text-editor\" data-id=\"bc5ab6c\" data-element_type=\"widget\" data-widget_type=\"text-editor.default\">\n\t\t\t\t<div class=\"elementor-widget-container\">\n\t\t\t\t\t\t\t\t\tUna geometria freeride adatta a tutte le condizioni di neve; nasce come attrezzo Allmauntain universale, con in pi\u00f9 la nuova tecnologia del sandwich in fibrocarbonio e Pawlonia per una leggerezza mai vista. Ideale non solo per discese mozzafiato, ma anche per salite\u201din tutto relax\u201d\t\t\t\t\t\t\t\t<\/div>\n\t\t\t\t<\/div>\n\t\t\t\t<div class=\"elementor-element elementor-element-e5bb096 folksolid elementor-mobile-align-justify elementor-widget elementor-widget-button\" data-id=\"e5bb096\" data-element_type=\"widget\" data-widget_type=\"button.default\">\n\t\t\t\t<div class=\"elementor-widget-container\">\n\t\t\t\t\t\t\t\t\t<div class=\"elementor-button-wrapper\">\n\t\t\t\t\t<a class=\"elementor-button elementor-button-link elementor-size-sm\" href=\"\/en\/product\/haute-route-100\/\">\n\t\t\t\t\t\t<span class=\"elementor-button-content-wrapper\">\n\t\t\t\t\t\t\t\t\t<span class=\"elementor-button-text\">SCOPRI IL TUO HAUTE ROUTE<\/span>\n\t\t\t\t\t<\/span>\n\t\t\t\t\t<\/a>\n\t\t\t\t<\/div>\n\t\t\t\t\t\t\t\t<\/div>\n\t\t\t\t<\/div>\n\t\t\t\t\t<\/div>\n\t\t<\/div>\n\t\t\t\t\t<\/div>\n\t\t<\/section>\n\t\t\t\t<\/div>","protected":false},"excerpt":{"rendered":"<p>SCI SERIE HAUTE ROUTE HAUTE ROUTE: NEW LIGHT TOURING FREERIDE L&#8217;obiettivo ambizioso di\u00a0 coniugare la sciabilit\u00e0 e il divertimento nel freeride con un peso super leggero per godersi a pieno ogni salita; Esplorare le nostre montagne con soddisfazione dal primo passo in salita all&#8217;ultima curva in discesa, cos\u00ec sono nati i nostri nuovi sci della &#8230; <a title=\"SCI SERIE HAUTE ROUTE\" class=\"read-more\" href=\"https:\/\/firsttrack.it\/en\/products\/sci-serie-haute-route\/\" aria-label=\"Read more about SCI SERIE HAUTE ROUTE\">Read more<\/a><\/p>","protected":false},"author":1,"featured_media":0,"parent":1037,"menu_order":0,"comment_status":"closed","ping_status":"closed","template":"","meta":{"footnotes":""},"class_list":["post-1062","page","type-page","status-publish"],"_links":{"self":[{"href":"https:\/\/firsttrack.it\/en\/wp-json\/wp\/v2\/pages\/1062","targetHints":{"allow":["GET"]}}],"collection":[{"href":"https:\/\/firsttrack.it\/en\/wp-json\/wp\/v2\/pages"}],"about":[{"href":"https:\/\/firsttrack.it\/en\/wp-json\/wp\/v2\/types\/page"}],"author":[{"embeddable":true,"href":"https:\/\/firsttrack.it\/en\/wp-json\/wp\/v2\/users\/1"}],"replies":[{"embeddable":true,"href":"https:\/\/firsttrack.it\/en\/wp-json\/wp\/v2\/comments?post=1062"}],"version-history":[{"count":37,"href":"https:\/\/firsttrack.it\/en\/wp-json\/wp\/v2\/pages\/1062\/revisions"}],"predecessor-version":[{"id":1638,"href":"https:\/\/firsttrack.it\/en\/wp-json\/wp\/v2\/pages\/1062\/revisions\/1638"}],"up":[{"embeddable":true,"href":"https:\/\/firsttrack.it\/en\/wp-json\/wp\/v2\/pages\/1037"}],"wp:attachment":[{"href":"https:\/\/firsttrack.it\/en\/wp-json\/wp\/v2\/media?parent=1062"}],"curies":[{"name":"wp","href":"https:\/\/api.w.org\/{rel}","templated":true}]}}